{"id":15907,"date":"2025-06-30T11:26:39","date_gmt":"2025-06-30T11:26:39","guid":{"rendered":"https:\/\/riccamente.nl\/?post_type=product&#038;p=15907"},"modified":"2025-06-30T11:26:41","modified_gmt":"2025-06-30T11:26:41","slug":"very-exclusive-vicuna-scarf","status":"publish","type":"product","link":"https:\/\/riccamente.nl\/en\/winkel\/vicuna\/very-exclusive-vicuna-scarf\/","title":{"rendered":"Very Exclusive Vicuna Scarf"},"content":{"rendered":"<p>Coming soon&#8230;<\/p>\n<p>Vicu\u00f1a Scarf \u2013 De Zachtste Sjaal Ter Wereld<\/p>\n<p>Zeldzaam. Zijdezacht. Onvergelijkbaar.<\/p>\n<p>Ontdek de ultieme vorm van luxe met de Vicu\u00f1a Scarf \u2013 een sjaal vervaardigd uit de fijnste, meest exclusieve wol op aarde: Vicu\u00f1a wol.<br \/>\n\u2022 \ud83e\udd99 De kostbaarste wol ter wereld<br \/>\n     Vicu\u00f1a wol wordt slechts \u00e9\u00e9n keer per drie jaar gewonnen van een zeldzaam dier uit het Andesgebergte. Lichter, zachter en             exclusiever dan kasjmier.<br \/>\n\u2022 \ud83e\uddf5 Ambachtelijk vakmanschap<br \/>\n     Elke sjaal is met de hand geweven, zorgvuldig geselecteerd en met natuurlijke pigmenten geverfd \u2013 stuk voor stuk een meesterwerk.<br \/>\n\u2022 \ud83c\udf81 Luxe presentatie<br \/>\n     Geleverd in een elegante, handgemaakte houten doos, met certificaat van echtheid en herkomst. Perfect als erfstuk of exclusief  geschenk.<br \/>\n\u2022 \ud83d\udd12 Limited Edition<br \/>\n     Slechts een select aantal beschikbaar. Wie deze sjaal draagt, kiest voor tijdloze elegantie en uitzonderlijke kwaliteit.<\/p>\n<p>\u2e3b<\/p>\n<p>\ud83d\udce6 Productdetails<\/p>\n<p>\u2022 Materiaal: 100% pure Vicu\u00f1a wol<br \/>\n\u2022 Herkomst: Andesgebergte, Peru<br \/>\n\u2022 Afwerking: Handgeweven, met natuurlijke verfstoffen<br \/>\n\u2022 Verpakking: Luxe houten doos met certificaat<br \/>\n\u2022 Lengte\/Breedte:<span data-mce-type=\"bookmark\" style=\"display: inline-block; width: 0px; overflow: hidden; line-height: 0;\" class=\"mce_SELRES_start\">\ufeff<\/span><br \/>\n\u2022 Prijs: 3750<\/p>\n","protected":false},"excerpt":{"rendered":"<p>Coming soon&#8230; Vicu\u00f1a Scarf \u2013 De Zachtste Sjaal Ter Wereld Zeldzaam. Zijdezacht. Onvergelijkbaar. Ontdek de ultieme vorm van luxe met de Vicu\u00f1a Scarf \u2013 een sjaal vervaardigd uit de fijnste, meest exclusieve wol op aarde: Vicu\u00f1a wol. \u2022 \ud83e\udd99 De kostbaarste wol ter wereld Vicu\u00f1a wol wordt slechts \u00e9\u00e9n keer per drie jaar gewonnen van [&#8230;]\n","protected":false},"featured_media":15903,"comment_status":"closed","ping_status":"closed","template":"","meta":[],"product_brand":[409],"product_cat":[422],"product_tag":[340,432,430,431],"class_list":{"0":"post-15907","1":"product","2":"type-product","3":"status-publish","4":"has-post-thumbnail","6":"product_brand-riccamente-milano","7":"product_cat-vicuna","8":"product_tag-alpaca","9":"product_tag-scarf","10":"product_tag-vicuna","11":"product_tag-wool","13":"first","14":"instock","15":"sold-individually","16":"taxable","17":"shipping-taxable","18":"product-type-simple"},"yoast_head":"<!-- This site is optimized with the Yoast SEO Premium plugin v26.4 (Yoast SEO v26.8) - https:\/\/yoast.com\/product\/yoast-seo-premium-wordpress\/ -->\n<title>Very Exclusive Vicuna Scarf<\/title>\n<meta name=\"robots\" content=\"index, follow, max-snippet:-1, max-image-preview:large, max-video-preview:-1\" \/>\n<link rel=\"canonical\" href=\"https:\/\/riccamente.nl\/en\/winkel\/vicuna\/very-exclusive-vicuna-scarf\/\" class=\"yoast-seo-meta-tag\" \/>\n<meta property=\"og:locale\" content=\"en_GB\" class=\"yoast-seo-meta-tag\" \/>\n<meta property=\"og:locale:alternate\" content=\"nl_NL\" \/>\n<meta property=\"og:type\" content=\"article\" class=\"yoast-seo-meta-tag\" \/>\n<meta property=\"og:title\" content=\"Very Exclusive Vicuna Scarf\" class=\"yoast-seo-meta-tag\" \/>\n<meta property=\"og:description\" content=\"Coming soon&#8230; Vicu\u00f1a Scarf \u2013 De Zachtste Sjaal Ter Wereld Zeldzaam. Zijdezacht. Onvergelijkbaar. Ontdek de ultieme vorm van luxe met de Vicu\u00f1a Scarf \u2013 een sjaal vervaardigd uit de fijnste, meest exclusieve wol op aarde: Vicu\u00f1a wol. \u2022 \ud83e\udd99 De kostbaarste wol ter wereld Vicu\u00f1a wol wordt slechts \u00e9\u00e9n keer per drie jaar gewonnen van [...]\" class=\"yoast-seo-meta-tag\" \/>\n<meta property=\"og:url\" content=\"https:\/\/riccamente.nl\/en\/winkel\/vicuna\/very-exclusive-vicuna-scarf\/\" class=\"yoast-seo-meta-tag\" \/>\n<meta property=\"og:site_name\" content=\"Riccamente Milano\" class=\"yoast-seo-meta-tag\" \/>\n<meta property=\"article:publisher\" content=\"https:\/\/www.facebook.com\/profile.php?id=100049588296525\" class=\"yoast-seo-meta-tag\" \/>\n<meta property=\"article:modified_time\" content=\"2025-06-30T11:26:41+00:00\" class=\"yoast-seo-meta-tag\" \/>\n<meta property=\"og:image\" content=\"https:\/\/riccamente.nl\/wp-content\/uploads\/2025\/06\/IMG_3079-1.jpg\" class=\"yoast-seo-meta-tag\" \/>\n\t<meta property=\"og:image:width\" content=\"845\" class=\"yoast-seo-meta-tag\" \/>\n\t<meta property=\"og:image:height\" content=\"1115\" class=\"yoast-seo-meta-tag\" \/>\n\t<meta property=\"og:image:type\" content=\"image\/jpeg\" class=\"yoast-seo-meta-tag\" \/>\n<meta name=\"twitter:card\" content=\"summary_large_image\" class=\"yoast-seo-meta-tag\" \/>\n<meta name=\"twitter:label1\" content=\"Price\" class=\"yoast-seo-meta-tag\" \/>\n\t<meta name=\"twitter:data1\" content=\"\" class=\"yoast-seo-meta-tag\" \/>\n\t<meta name=\"twitter:label2\" content=\"Availability\" class=\"yoast-seo-meta-tag\" \/>\n\t<meta name=\"twitter:data2\" content=\"In stock\" class=\"yoast-seo-meta-tag\" \/>\n<script type=\"application\/ld+json\" class=\"yoast-schema-graph\">{\"@context\":\"https:\/\/schema.org\",\"@graph\":[{\"@type\":\"WebPage\",\"@id\":\"https:\/\/riccamente.nl\/winkel\/vicuna\/very-exclusive-vicuna-scarf\/\",\"url\":\"https:\/\/riccamente.nl\/winkel\/vicuna\/very-exclusive-vicuna-scarf\/\",\"name\":\"Very Exclusive Vicuna Scarf\",\"isPartOf\":{\"@id\":\"https:\/\/riccamente.nl\/en\/#website\"},\"primaryImageOfPage\":{\"@id\":\"https:\/\/riccamente.nl\/winkel\/vicuna\/very-exclusive-vicuna-scarf\/#primaryimage\"},\"image\":{\"@id\":\"https:\/\/riccamente.nl\/winkel\/vicuna\/very-exclusive-vicuna-scarf\/#primaryimage\"},\"thumbnailUrl\":\"https:\/\/riccamente.nl\/wp-content\/uploads\/2025\/06\/IMG_3079-1.jpg\",\"datePublished\":\"2025-06-30T11:26:39+00:00\",\"dateModified\":\"2025-06-30T11:26:41+00:00\",\"breadcrumb\":{\"@id\":\"https:\/\/riccamente.nl\/winkel\/vicuna\/very-exclusive-vicuna-scarf\/#breadcrumb\"},\"inLanguage\":\"en-GB\",\"potentialAction\":[{\"@type\":\"ReadAction\",\"target\":[\"https:\/\/riccamente.nl\/winkel\/vicuna\/very-exclusive-vicuna-scarf\/\"]}]},{\"@type\":\"ImageObject\",\"inLanguage\":\"en-GB\",\"@id\":\"https:\/\/riccamente.nl\/winkel\/vicuna\/very-exclusive-vicuna-scarf\/#primaryimage\",\"url\":\"https:\/\/riccamente.nl\/wp-content\/uploads\/2025\/06\/IMG_3079-1.jpg\",\"contentUrl\":\"https:\/\/riccamente.nl\/wp-content\/uploads\/2025\/06\/IMG_3079-1.jpg\",\"width\":845,\"height\":1115},{\"@type\":\"BreadcrumbList\",\"@id\":\"https:\/\/riccamente.nl\/winkel\/vicuna\/very-exclusive-vicuna-scarf\/#breadcrumb\",\"itemListElement\":[{\"@type\":\"ListItem\",\"position\":1,\"name\":\"Home\",\"item\":\"https:\/\/riccamente.nl\/\"},{\"@type\":\"ListItem\",\"position\":2,\"name\":\"Winkel\",\"item\":\"https:\/\/riccamente.nl\/winkel\/\"},{\"@type\":\"ListItem\",\"position\":3,\"name\":\"Very Exclusive Vicuna Scarf\"}]},{\"@type\":\"WebSite\",\"@id\":\"https:\/\/riccamente.nl\/en\/#website\",\"url\":\"https:\/\/riccamente.nl\/en\/\",\"name\":\"Riccamente Milano\",\"description\":\"Luxury Belts & Shoes. Croco, python, krokodillen leren, slangenleren riemen en sneakers.\",\"publisher\":{\"@id\":\"https:\/\/riccamente.nl\/en\/#organization\"},\"potentialAction\":[{\"@type\":\"SearchAction\",\"target\":{\"@type\":\"EntryPoint\",\"urlTemplate\":\"https:\/\/riccamente.nl\/en\/?s={search_term_string}\"},\"query-input\":{\"@type\":\"PropertyValueSpecification\",\"valueRequired\":true,\"valueName\":\"search_term_string\"}}],\"inLanguage\":\"en-GB\"},{\"@type\":\"Organization\",\"@id\":\"https:\/\/riccamente.nl\/en\/#organization\",\"name\":\"Riccamente Milano\",\"url\":\"https:\/\/riccamente.nl\/en\/\",\"logo\":{\"@type\":\"ImageObject\",\"inLanguage\":\"en-GB\",\"@id\":\"https:\/\/riccamente.nl\/en\/#\/schema\/logo\/image\/\",\"url\":\"https:\/\/riccamente.nl\/wp-content\/uploads\/2022\/12\/riccamente-logo.jpg\",\"contentUrl\":\"https:\/\/riccamente.nl\/wp-content\/uploads\/2022\/12\/riccamente-logo.jpg\",\"width\":361,\"height\":100,\"caption\":\"Riccamente Milano\"},\"image\":{\"@id\":\"https:\/\/riccamente.nl\/en\/#\/schema\/logo\/image\/\"},\"sameAs\":[\"https:\/\/www.facebook.com\/profile.php?id=100049588296525\"]}]}<\/script>\n<meta property=\"product:price:currency\" content=\"EUR\" class=\"yoast-seo-meta-tag\" \/>\n<meta property=\"og:availability\" content=\"instock\" class=\"yoast-seo-meta-tag\" \/>\n<meta property=\"product:availability\" content=\"instock\" class=\"yoast-seo-meta-tag\" \/>\n<meta property=\"product:condition\" content=\"new\" class=\"yoast-seo-meta-tag\" \/>\n<!-- \/ Yoast SEO Premium plugin. -->","yoast_head_json":{"title":"Very Exclusive Vicuna Scarf","robots":{"index":"index","follow":"follow","max-snippet":"max-snippet:-1","max-image-preview":"max-image-preview:large","max-video-preview":"max-video-preview:-1"},"canonical":"https:\/\/riccamente.nl\/en\/winkel\/vicuna\/very-exclusive-vicuna-scarf\/","og_locale":"en_GB","og_type":"article","og_title":"[:nl]Very Exclusive Vicuna Scarf[:]","og_description":"Coming soon&#8230; Vicu\u00f1a Scarf \u2013 De Zachtste Sjaal Ter Wereld Zeldzaam. Zijdezacht. Onvergelijkbaar. Ontdek de ultieme vorm van luxe met de Vicu\u00f1a Scarf \u2013 een sjaal vervaardigd uit de fijnste, meest exclusieve wol op aarde: Vicu\u00f1a wol. \u2022 \ud83e\udd99 De kostbaarste wol ter wereld Vicu\u00f1a wol wordt slechts \u00e9\u00e9n keer per drie jaar gewonnen van [...]","og_url":"https:\/\/riccamente.nl\/en\/winkel\/vicuna\/very-exclusive-vicuna-scarf\/","og_site_name":"Riccamente Milano","article_publisher":"https:\/\/www.facebook.com\/profile.php?id=100049588296525","article_modified_time":"2025-06-30T11:26:41+00:00","og_image":[{"width":845,"height":1115,"url":"https:\/\/riccamente.nl\/wp-content\/uploads\/2025\/06\/IMG_3079-1.jpg","type":"image\/jpeg"}],"twitter_card":"summary_large_image","twitter_misc":{"Price":"","Availability":"In stock"},"schema":{"@context":"https:\/\/schema.org","@graph":[{"@type":"WebPage","@id":"https:\/\/riccamente.nl\/winkel\/vicuna\/very-exclusive-vicuna-scarf\/","url":"https:\/\/riccamente.nl\/winkel\/vicuna\/very-exclusive-vicuna-scarf\/","name":"Very Exclusive Vicuna Scarf","isPartOf":{"@id":"https:\/\/riccamente.nl\/en\/#website"},"primaryImageOfPage":{"@id":"https:\/\/riccamente.nl\/winkel\/vicuna\/very-exclusive-vicuna-scarf\/#primaryimage"},"image":{"@id":"https:\/\/riccamente.nl\/winkel\/vicuna\/very-exclusive-vicuna-scarf\/#primaryimage"},"thumbnailUrl":"https:\/\/riccamente.nl\/wp-content\/uploads\/2025\/06\/IMG_3079-1.jpg","datePublished":"2025-06-30T11:26:39+00:00","dateModified":"2025-06-30T11:26:41+00:00","breadcrumb":{"@id":"https:\/\/riccamente.nl\/winkel\/vicuna\/very-exclusive-vicuna-scarf\/#breadcrumb"},"inLanguage":"en-GB","potentialAction":[{"@type":"ReadAction","target":["https:\/\/riccamente.nl\/winkel\/vicuna\/very-exclusive-vicuna-scarf\/"]}]},{"@type":"ImageObject","inLanguage":"en-GB","@id":"https:\/\/riccamente.nl\/winkel\/vicuna\/very-exclusive-vicuna-scarf\/#primaryimage","url":"https:\/\/riccamente.nl\/wp-content\/uploads\/2025\/06\/IMG_3079-1.jpg","contentUrl":"https:\/\/riccamente.nl\/wp-content\/uploads\/2025\/06\/IMG_3079-1.jpg","width":845,"height":1115},{"@type":"BreadcrumbList","@id":"https:\/\/riccamente.nl\/winkel\/vicuna\/very-exclusive-vicuna-scarf\/#breadcrumb","itemListElement":[{"@type":"ListItem","position":1,"name":"Home","item":"https:\/\/riccamente.nl\/"},{"@type":"ListItem","position":2,"name":"Winkel","item":"https:\/\/riccamente.nl\/winkel\/"},{"@type":"ListItem","position":3,"name":"Very Exclusive Vicuna Scarf"}]},{"@type":"WebSite","@id":"https:\/\/riccamente.nl\/en\/#website","url":"https:\/\/riccamente.nl\/en\/","name":"Riccamente Milano","description":"Luxury Belts & Shoes. Croco, python, krokodillen leren, slangenleren riemen en sneakers.","publisher":{"@id":"https:\/\/riccamente.nl\/en\/#organization"},"potentialAction":[{"@type":"SearchAction","target":{"@type":"EntryPoint","urlTemplate":"https:\/\/riccamente.nl\/en\/?s={search_term_string}"},"query-input":{"@type":"PropertyValueSpecification","valueRequired":true,"valueName":"search_term_string"}}],"inLanguage":"en-GB"},{"@type":"Organization","@id":"https:\/\/riccamente.nl\/en\/#organization","name":"Riccamente Milano","url":"https:\/\/riccamente.nl\/en\/","logo":{"@type":"ImageObject","inLanguage":"en-GB","@id":"https:\/\/riccamente.nl\/en\/#\/schema\/logo\/image\/","url":"https:\/\/riccamente.nl\/wp-content\/uploads\/2022\/12\/riccamente-logo.jpg","contentUrl":"https:\/\/riccamente.nl\/wp-content\/uploads\/2022\/12\/riccamente-logo.jpg","width":361,"height":100,"caption":"Riccamente Milano"},"image":{"@id":"https:\/\/riccamente.nl\/en\/#\/schema\/logo\/image\/"},"sameAs":["https:\/\/www.facebook.com\/profile.php?id=100049588296525"]}]},"product_price_currency":"EUR","og_availability":"instock","product_availability":"instock","product_condition":"new"},"_links":{"self":[{"href":"https:\/\/riccamente.nl\/en\/wp-json\/wp\/v2\/product\/15907","targetHints":{"allow":["GET"]}}],"collection":[{"href":"https:\/\/riccamente.nl\/en\/wp-json\/wp\/v2\/product"}],"about":[{"href":"https:\/\/riccamente.nl\/en\/wp-json\/wp\/v2\/types\/product"}],"replies":[{"embeddable":true,"href":"https:\/\/riccamente.nl\/en\/wp-json\/wp\/v2\/comments?post=15907"}],"wp:featuredmedia":[{"embeddable":true,"href":"https:\/\/riccamente.nl\/en\/wp-json\/wp\/v2\/media\/15903"}],"wp:attachment":[{"href":"https:\/\/riccamente.nl\/en\/wp-json\/wp\/v2\/media?parent=15907"}],"wp:term":[{"taxonomy":"product_brand","embeddable":true,"href":"https:\/\/riccamente.nl\/en\/wp-json\/wp\/v2\/product_brand?post=15907"},{"taxonomy":"product_cat","embeddable":true,"href":"https:\/\/riccamente.nl\/en\/wp-json\/wp\/v2\/product_cat?post=15907"},{"taxonomy":"product_tag","embeddable":true,"href":"https:\/\/riccamente.nl\/en\/wp-json\/wp\/v2\/product_tag?post=15907"}],"curies":[{"name":"wp","href":"https:\/\/api.w.org\/{rel}","templated":true}]}}